{"id":413,"date":"2020-04-01T14:55:43","date_gmt":"2020-04-01T13:55:43","guid":{"rendered":"https:\/\/beseronline.de\/home\/?page_id=413"},"modified":"2023-04-12T13:26:39","modified_gmt":"2023-04-12T12:26:39","slug":"duenger-erklaerungen","status":"publish","type":"page","link":"https:\/\/beseronline.de\/home\/duenger-erklaerungen\/","title":{"rendered":"D\u00fcnger Erkl\u00e4rungen"},"content":{"rendered":"<p>[et_pb_section fb_built=&#8220;1&#8243; _builder_version=&#8220;4.16&#8243; background_enable_image=&#8220;off&#8220; global_colors_info=&#8220;{}&#8220;][et_pb_row column_structure=&#8220;1_5,3_5,1_5&#8243; _builder_version=&#8220;4.16&#8243; background_color=&#8220;#ffffff&#8220; global_colors_info=&#8220;{}&#8220;][et_pb_column type=&#8220;1_5&#8243; _builder_version=&#8220;4.16&#8243; custom_padding=&#8220;|||&#8220; global_colors_info=&#8220;{}&#8220; custom_padding__hover=&#8220;|||&#8220;][et_pb_blurb title=&#8220;\u00d6ffnungszeiten&#8220; use_icon=&#8220;on&#8220; icon_placement=&#8220;left&#8220; _builder_version=&#8220;4.20.2&#8243; header_font=&#8220;|||on|||||&#8220; header_font_size=&#8220;14px&#8220; body_font_size=&#8220;13px&#8220; width=&#8220;100%&#8220; global_module=&#8220;1229&#8243; saved_tabs=&#8220;all&#8220; global_colors_info=&#8220;{}&#8220;]<\/p>\n<p><strong>Mo-Do 09:00 &#8211; 16:00 Uhr<\/strong><\/p>\n<p><strong>Fr\u00a0\u00a0\u00a0\u00a0\u00a0\u00a0\u00a0\u00a0\u00a0 09:00 &#8211; 14:00 Uhr<\/strong><\/p>\n<p>[\/et_pb_blurb][\/et_pb_column][et_pb_column type=&#8220;3_5&#8243; _builder_version=&#8220;4.16&#8243; custom_padding=&#8220;|||&#8220; global_colors_info=&#8220;{}&#8220; custom_padding__hover=&#8220;|||&#8220;][et_pb_text _builder_version=&#8220;4.16&#8243; header_font=&#8220;|300||on|||||&#8220; header_text_align=&#8220;center&#8220; header_letter_spacing=&#8220;5px&#8220; global_colors_info=&#8220;{}&#8220;]<\/p>\n<h1>D\u00fcnger-Erl\u00e4uterungen<\/h1>\n<p>[\/et_pb_text][et_pb_divider _builder_version=&#8220;4.16&#8243; max_width=&#8220;10%&#8220; module_alignment=&#8220;center&#8220; min_height=&#8220;6px&#8220; global_colors_info=&#8220;{}&#8220;][\/et_pb_divider][\/et_pb_column][et_pb_column type=&#8220;1_5&#8243; _builder_version=&#8220;4.16&#8243; custom_padding=&#8220;|||&#8220; global_colors_info=&#8220;{}&#8220; custom_padding__hover=&#8220;|||&#8220;][et_pb_image src=&#8220;https:\/\/beseronline.de\/wp-content\/uploads\/2021\/08\/cropped-Logo-BeSer_ohne-Dach_zentral.png&#8220; title_text=&#8220;cropped-Logo-BeSer_ohne-Dach_zentral.png&#8220; _builder_version=&#8220;4.16&#8243; global_colors_info=&#8220;{}&#8220;][\/et_pb_image][\/et_pb_column][\/et_pb_row][et_pb_row _builder_version=&#8220;4.16&#8243; hover_enabled=&#8220;0&#8243; global_colors_info=&#8220;{}&#8220; sticky_enabled=&#8220;0&#8243;][et_pb_column type=&#8220;4_4&#8243; _builder_version=&#8220;4.16&#8243; global_colors_info=&#8220;{}&#8220;][et_pb_divider _builder_version=&#8220;4.16&#8243; global_colors_info=&#8220;{}&#8220;][\/et_pb_divider][et_pb_button button_url=&#8220;https:\/\/beseronline.de\/home\/lagerverkauf&#8220; button_text=&#8220;Zur\u00fcck&#8220; _builder_version=&#8220;4.16&#8243; global_colors_info=&#8220;{}&#8220;][\/et_pb_button][et_pb_accordion module_id=&#8220;Wissen&#8220; _builder_version=&#8220;4.20.4&#8243; _dynamic_attributes=&#8220;link_option_url&#8220; link_option_url=&#8220;@ET-DC@eyJkeW5hbWljIjp0cnVlLCJjb250ZW50IjoicG9zdF9saW5rX3VybF9wYWdlIiwic2V0dGluZ3MiOnsicG9zdF9pZCI6IjQxMyJ9fQ==@&#8220; hover_enabled=&#8220;0&#8243; global_colors_info=&#8220;{}&#8220; sticky_enabled=&#8220;0&#8243;][et_pb_accordion_item title=&#8220;NPK D\u00fcnger&#8220; open=&#8220;off&#8220; _builder_version=&#8220;4.16&#8243; global_colors_info=&#8220;{}&#8220;]<\/p>\n<ul>\n<li>N \u2013 Stickstoff \u2013 wichtig f\u00fcr Wachstum<\/li>\n<li>P \u2013 Phosphor \u2013 verantwortlich f\u00fcr Bl\u00fcten und Fruchtbildung<\/li>\n<li>K \u2013 Kalium \u2013 st\u00e4rkt das Gewebe<\/li>\n<li>Entweder ins Gie\u00dfwasser geben oder als K\u00f6rner in den Boden einarbeiten<\/li>\n<li>Anwendung\n<ul>\n<li>Rasenfl\u00e4chen<\/li>\n<li>Bl\u00fchpflanzen<\/li>\n<li>Obst<\/li>\n<li>Gr\u00fcnpflanzen<\/li>\n<li>Gem\u00fcse (Karoffeln)<\/li>\n<li>Getreide<\/li>\n<\/ul>\n<\/li>\n<li>NPK mit Magnesium zur Aufspaltung der Wirkstoffe<\/li>\n<\/ul>\n<p>[\/et_pb_accordion_item][et_pb_accordion_item title=&#8220;PK-D\u00fcnger&#8220; _builder_version=&#8220;4.16&#8243; global_colors_info=&#8220;{}&#8220; open=&#8220;off&#8220;]<\/p>\n<ul>\n<li>P \u2013 Phosphor \u2013 verantwortlich f\u00fcr Bl\u00fcten und Fruchtbildung<\/li>\n<li>K \u2013 Kalium \u2013 st\u00e4rkt das Gewebe<\/li>\n<li>Entweder ins Gie\u00dfwasser geben oder als K\u00f6rner in den Boden einarbeiten<\/li>\n<li>Anwendung\n<ul>\n<li>Rasenfl\u00e4chen<\/li>\n<li>Bl\u00fchpflanzen<\/li>\n<li>Obst<\/li>\n<li>Gr\u00fcnpflanzen<\/li>\n<li>Gem\u00fcse (Karoffeln)<\/li>\n<li>Getreide<\/li>\n<\/ul>\n<\/li>\n<li>Wenn Stickstoff nicht ged\u00fcngt werden muss oder darf \u2013 beispielsweise um die Frosth\u00e4rte und Fruchtbildung nicht zu st\u00f6ren \u2013 k\u00f6nnen Sie mit einem PK-D\u00fcnger d\u00fcngen<\/li>\n<\/ul>\n<p>[\/et_pb_accordion_item][et_pb_accordion_item title=&#8220;Perlka&#8220; _builder_version=&#8220;4.16&#8243; global_colors_info=&#8220;{}&#8220; open=&#8220;off&#8220;]<\/p>\n<ul>\n<li>19,8 % N Gesamtstickstoff<\/li>\n<li>1,5 % N Nitratstickstoff<\/li>\n<li>Beschaffenheit: grau-schwarzes Granulat<\/li>\n<li>F\u00fcr Wiesen und Weiden<\/li>\n<li>Pferde sollten fr\u00fchestens eine Woche nach dem Ausstreuen, wenn die Grasnarbe wieder ergr\u00fcnt, auf die Weide gelassen werden<\/li>\n<li>25 &#8211; 50 g\/m\u00b2<\/li>\n<li>Dr\u00e4ngt L\u00f6wenzahn, Ehrenpreis, Vogelmiere, aber auch Moos wirksam zur\u00fcck<\/li>\n<li>werden Eier und Larven verschiedener Eingeweidesch\u00e4dlinge abget\u00f6tet<\/li>\n<\/ul>\n<p>[\/et_pb_accordion_item][et_pb_accordion_item title=&#8220;Bittersalz&#8220; _builder_version=&#8220;4.16&#8243; global_colors_info=&#8220;{}&#8220; open=&#8220;off&#8220;]<\/p>\n<ul>\n<li>Magnesiumsulfat<\/li>\n<li>Magnesiumoxid<\/li>\n<li>Schwefel<\/li>\n<li>Anwendung\n<ul>\n<li>Koniferen<\/li>\n<li>Fichten, L\u00e4rchen und Kiefern<\/li>\n<li>Rhododendron<\/li>\n<li>Tomaten, Gurken, Rotebeete<\/li>\n<\/ul>\n<\/li>\n<\/ul>\n<p>[\/et_pb_accordion_item][et_pb_accordion_item title=&#8220;Hornsp\u00e4ne&#8220; _builder_version=&#8220;4.16&#8243; global_colors_info=&#8220;{}&#8220; open=&#8220;off&#8220;]<\/p>\n<ul>\n<li>Organischer Langzeitd\u00fcnger<\/li>\n<li>Anwendung\n<ul>\n<li>grunds\u00e4tzlich als D\u00fcnger f\u00fcr alle Pflanzen<\/li>\n<li>Rhododendron<\/li>\n<li>Heidelbeeren<\/li>\n<li>Erdbeeren<\/li>\n<li>Rhabarber<\/li>\n<\/ul>\n<\/li>\n<\/ul>\n<p>[\/et_pb_accordion_item][et_pb_accordion_item title=&#8220;Magnesia-Kainit\u00ae&#8220; _builder_version=&#8220;4.16&#8243; global_colors_info=&#8220;{}&#8220; open=&#8220;off&#8220;]<\/p>\n<ul>\n<li>Magnesia-Kainit\u00ae ist ein spezieller D\u00fcnger f\u00fcr Gr\u00fcnland und Feldfutterbau.<\/li>\n<li>Mit Magnesia-Kainit\u00ae werden bei regelm\u00e4\u00dfiger D\u00fcngung \u00fcber eine Magnesium- und Natriumanreicherung des Grundfutters Gesundheit, Leistungsf\u00e4higkeit und Fruchtbarkeit der Tiere verbessert.<\/li>\n<li>Anwendung\n<ul>\n<li>Gr\u00fcnland<\/li>\n<li>Kleegras<\/li>\n<li>Weide<\/li>\n<\/ul>\n<\/li>\n<\/ul>\n<p>[\/et_pb_accordion_item][et_pb_accordion_item title=&#8220;Patentkali\u00ae&#8220; _builder_version=&#8220;4.16&#8243; global_colors_info=&#8220;{}&#8220; open=&#8220;off&#8220;]<\/p>\n<ul>\n<li>Patentkali\u00ae ist ein Kalium-Speziald\u00fcnger mit hohen Gehalten an Magnesium und Schwefel.<\/li>\n<li>Die N\u00e4hrstoffe liegen in sulfatischer Form vor, sind wasserl\u00f6slich und damit f\u00fcr die Pflanze sofort verf\u00fcgbar.<\/li>\n<li>Anwendung\n<ul>\n<li>zur D\u00fcngung von St\u00e4rke- und Veredelungskartoffeln<\/li>\n<li>Gem\u00fcse<\/li>\n<li>Obst<\/li>\n<li>Wein<\/li>\n<li>Sonnenblumen<\/li>\n<\/ul>\n<\/li>\n<\/ul>\n<p>[\/et_pb_accordion_item][et_pb_accordion_item title=&#8220;DOMOGRAN\u00ae&#8220; _builder_version=&#8220;4.20.4&#8243; hover_enabled=&#8220;0&#8243; global_colors_info=&#8220;{}&#8220; open=&#8220;on&#8220; sticky_enabled=&#8220;0&#8243;]<\/p>\n<ul>\n<li>Ergiebiger, sauer wirkender Stickstoffd\u00fcnger mit Schwefel<\/li>\n<li>Im zeitigen Fr\u00fchjahr bis Ende August f\u00fcr nahezu alle Kulturen einzusetzen<\/li>\n<li>Bewirkt kr\u00e4ftiges Wachstum und sichert hohe Ertr\u00e4ge.<\/li>\n<li>Dosierungsempfehlung\n<ul>\n<li>Rasen 80 g\/qm<\/li>\n<li><a href=\"https:\/\/www.domogran.de\/kartoffeln\/\" title=\"Kartoffeln\">Kartoffeln<\/a> 70 g\/qm<\/li>\n<li>Zwiebeln, Kopfsalat, Spinat, Endivie, Rettich, Spargel, Erdbeeren 50 g\/qm<\/li>\n<li>Kohlarten, Rhabarber 90 g\/qm<\/li>\n<li>Ziergeh\u00f6lze 50 g\/qm<\/li>\n<li>Obstgeh\u00f6lze 40 g\/qm<\/li>\n<li>Weinreben 60 g\/qm<\/li>\n<li><a href=\"https:\/\/www.domogran.de\/winterweizen\/\" title=\"Winterweizen\">Winterweizen<\/a> 3 dt\/ha<\/li>\n<\/ul>\n<\/li>\n<\/ul>\n<p>[\/et_pb_accordion_item][et_pb_accordion_item title=&#8220;Harzer Dolomitkalk&#8220; _builder_version=&#8220;4.16&#8243; _module_preset=&#8220;default&#8220; global_colors_info=&#8220;{}&#8220; open=&#8220;off&#8220;]<\/p>\n<p>Kohlensaurer Magnesiumkalk f\u00fcr den Garten.\u00a0<\/p>\n<ul>\n<li>\u00a0\u00a0\u00a0 Zur nat\u00fcrlichen Bodenverbesserung<\/li>\n<li>\u00a0\u00a0\u00a0 Feink\u00f6rnig<\/li>\n<li>\u00a0\u00a0\u00a0 Mit Spurenelementen<\/li>\n<li>\u00a0\u00a0\u00a0 Leicht auszustreuen<\/li>\n<\/ul>\n<p>\u00a0F\u00fcr Hobbyg\u00e4rtner und Gartenbau<\/p>\n<p>\u00a0Zum D\u00fcngen von Gem\u00fcse\/Blumenbeeten, Rasenfl\u00e4chen, Obstb\u00e4umen und Str\u00e4uchern<\/p>\n<p>&nbsp;<\/p>\n<p>Kohlensaurer Magnesiumkalk:<\/p>\n<ul>\n<li>\u00a050% Calciumcarbonat CaCO3<\/li>\n<li>\u00a035% Magnesiumcarbonat MgCO3<\/li>\n<li>\u00a051% basisch wirksame Bestandteile, bewertet als CaO (Neutralisationswert)<\/li>\n<\/ul>\n<p>[\/et_pb_accordion_item][et_pb_accordion_item title=&#8220;ASS &#8211; Ammonsulfatsalpeter&#8220; _builder_version=&#8220;4.16&#8243; _module_preset=&#8220;default&#8220; global_colors_info=&#8220;{}&#8220; open=&#8220;off&#8220;]<\/p>\n<p>Der optimale Stickstoffd\u00fcnger mit hohem Schwefelanteil! \u00c4hnlich wie Kalkammonsalpeter (KAS 27+4), aber hier mit Schwefel statt Magnesium als zus\u00e4tzlichen N\u00e4hrstoff.<\/p>\n<p>F\u00fcr alle Stickstoffliebende Pflanzen geeignet.<\/p>\n<p>Granuliertes Produkt mit guten Streueigenschaften.<br \/>F\u00f6rdert das Wurzelwachstum und ergibt kr\u00e4ftige gesunde Pflanzen.<br \/>Unkraut und Moos wird durch verst\u00e4rkte Bestockung des Rasens unterdr\u00fcckt.<br \/>Gute N\u00e4hrstoffkombination zur optimalen Ern\u00e4hrung aller Pflanzen.<br \/>Einfach zu dosieren: 1 Liter wiegt in etwa 1 kg<br \/>1 &#8211; 4 Anwendungen in der Vegetationszeit mit ca. 15-60 g je m\u00b2 je nach Kultur.<\/p>\n<p>Kohlarten, Rhabarber, Tomaten, Kartoffeln, Erdbeeren 60 g\/ m\u00b2<br \/>Zwiebeln, Kopfsalat, Spinat, Endivien, Rettich, Spargel 40 g\/ m\u00b2<br \/>Ziergeh\u00f6lze, Stauden, B\u00e4ume, Wein 40-60 g\/ m\u00b2<br \/>Obst und Wein ca. 30-40 g\/ m\u00b2<br \/>Rasen einmal im Monat 15-20 g\/ m\u00b2<\/p>\n<p>Also 240-996 m\u00b2 je nach Kultur mit den 25 kg!<\/p>\n<p>Moderner Rasend\u00fcnger f\u00fcr den Zier-, Sport- und Spielrasen und auch f\u00fcr alle anderen Kulturen geeignet.<br \/>Gute Startwirkung durch hohen Stickstoffanteil. Zus\u00e4tzlich Schwefel als wichtiger N\u00e4hrstoff enthalten.<\/p>\n<p>[\/et_pb_accordion_item][\/et_pb_accordion][et_pb_divider _builder_version=&#8220;4.16&#8243; global_colors_info=&#8220;{}&#8220;][\/et_pb_divider][et_pb_button button_url=&#8220;https:\/\/beseronline.de\/home\/lagerverkauf&#8220; button_text=&#8220;Zur\u00fcck&#8220; _builder_version=&#8220;4.16&#8243; global_colors_info=&#8220;{}&#8220;][\/et_pb_button][\/et_pb_column][\/et_pb_row][\/et_pb_section]<\/p>\n","protected":false},"excerpt":{"rendered":"<p>Mo-Do 09:00 &#8211; 16:00 Uhr Fr\u00a0\u00a0\u00a0\u00a0\u00a0\u00a0\u00a0\u00a0\u00a0 09:00 &#8211; 14:00 Uhr D\u00fcnger-Erl\u00e4uterungen N \u2013 Stickstoff \u2013 wichtig f\u00fcr Wachstum P \u2013 Phosphor \u2013 verantwortlich f\u00fcr Bl\u00fcten und Fruchtbildung K \u2013 Kalium \u2013 st\u00e4rkt das Gewebe Entweder ins Gie\u00dfwasser geben oder als K\u00f6rner in den Boden einarbeiten Anwendung Rasenfl\u00e4chen Bl\u00fchpflanzen Obst Gr\u00fcnpflanzen Gem\u00fcse (Karoffeln) Getreide NPK mit [&hellip;]<\/p>\n","protected":false},"author":2,"featured_media":0,"parent":0,"menu_order":0,"comment_status":"closed","ping_status":"closed","template":"","meta":{"_et_pb_use_builder":"on","_et_pb_old_content":"","_et_gb_content_width":"","_expiration-date-status":"","_expiration-date":0,"_expiration-date-type":"","_expiration-date-categories":[],"_expiration-date-options":[]},"yoast_head":"<!-- This site is optimized with the Yoast SEO Premium plugin v20.5 (Yoast SEO v21.8.1) - https:\/\/yoast.com\/wordpress\/plugins\/seo\/ -->\n<title>D\u00fcnger Erkl\u00e4rungen - BeSer GmbH<\/title>\n<meta name=\"description\" content=\"BeSer GmbH D\u00fcnger Erkl\u00e4rungen -\" \/>\n<meta name=\"robots\" content=\"index, follow, max-snippet:-1, max-image-preview:large, max-video-preview:-1\" \/>\n<link rel=\"canonical\" href=\"https:\/\/beseronline.de\/home\/duenger-erklaerungen\/\" \/>\n<meta property=\"og:locale\" content=\"de_DE\" \/>\n<meta property=\"og:type\" content=\"article\" \/>\n<meta property=\"og:title\" content=\"D\u00fcnger Erkl\u00e4rungen\" \/>\n<meta property=\"og:description\" content=\"BeSer GmbH D\u00fcnger Erkl\u00e4rungen -\" \/>\n<meta property=\"og:url\" content=\"https:\/\/beseronline.de\/home\/duenger-erklaerungen\/\" \/>\n<meta property=\"og:site_name\" content=\"BeSer GmbH\" \/>\n<meta property=\"article:modified_time\" content=\"2023-04-12T12:26:39+00:00\" \/>\n<meta name=\"twitter:card\" content=\"summary_large_image\" \/>\n<meta name=\"twitter:label1\" content=\"Gesch\u00e4tzte Lesezeit\" \/>\n\t<meta name=\"twitter:data1\" content=\"5\u00a0Minuten\" \/>\n<script type=\"application\/ld+json\" class=\"yoast-schema-graph\">{\"@context\":\"https:\/\/schema.org\",\"@graph\":[{\"@type\":\"WebPage\",\"@id\":\"https:\/\/beseronline.de\/home\/duenger-erklaerungen\/\",\"url\":\"https:\/\/beseronline.de\/home\/duenger-erklaerungen\/\",\"name\":\"D\u00fcnger Erkl\u00e4rungen - BeSer GmbH\",\"isPartOf\":{\"@id\":\"https:\/\/beseronline.de\/home\/#website\"},\"datePublished\":\"2020-04-01T13:55:43+00:00\",\"dateModified\":\"2023-04-12T12:26:39+00:00\",\"description\":\"BeSer GmbH D\u00fcnger Erkl\u00e4rungen -\",\"breadcrumb\":{\"@id\":\"https:\/\/beseronline.de\/home\/duenger-erklaerungen\/#breadcrumb\"},\"inLanguage\":\"de\",\"potentialAction\":[{\"@type\":\"ReadAction\",\"target\":[\"https:\/\/beseronline.de\/home\/duenger-erklaerungen\/\"]}]},{\"@type\":\"BreadcrumbList\",\"@id\":\"https:\/\/beseronline.de\/home\/duenger-erklaerungen\/#breadcrumb\",\"itemListElement\":[{\"@type\":\"ListItem\",\"position\":1,\"name\":\"Startseite\",\"item\":\"https:\/\/beseronline.de\/home\/\"},{\"@type\":\"ListItem\",\"position\":2,\"name\":\"D\u00fcnger Erkl\u00e4rungen\"}]},{\"@type\":\"WebSite\",\"@id\":\"https:\/\/beseronline.de\/home\/#website\",\"url\":\"https:\/\/beseronline.de\/home\/\",\"name\":\"BeSer GmbH\",\"description\":\"Garten- und Landschaftsbau - D\u00fcngerverkauf - Holzhackschnitzel - Baumf\u00e4llung\",\"publisher\":{\"@id\":\"https:\/\/beseronline.de\/home\/#organization\"},\"potentialAction\":[{\"@type\":\"SearchAction\",\"target\":{\"@type\":\"EntryPoint\",\"urlTemplate\":\"https:\/\/beseronline.de\/home\/?s={search_term_string}\"},\"query-input\":\"required name=search_term_string\"}],\"inLanguage\":\"de\"},{\"@type\":\"Organization\",\"@id\":\"https:\/\/beseronline.de\/home\/#organization\",\"name\":\"Beser GmbH\",\"url\":\"https:\/\/beseronline.de\/home\/\",\"logo\":{\"@type\":\"ImageObject\",\"inLanguage\":\"de\",\"@id\":\"https:\/\/beseronline.de\/home\/#\/schema\/logo\/image\/\",\"url\":\"https:\/\/beseronline.de\/wp-content\/uploads\/2021\/08\/cropped-Logo-BeSer_ohne-Dach_zentral.png\",\"contentUrl\":\"https:\/\/beseronline.de\/wp-content\/uploads\/2021\/08\/cropped-Logo-BeSer_ohne-Dach_zentral.png\",\"width\":512,\"height\":512,\"caption\":\"Beser GmbH\"},\"image\":{\"@id\":\"https:\/\/beseronline.de\/home\/#\/schema\/logo\/image\/\"}}]}<\/script>\n<!-- \/ Yoast SEO Premium plugin. -->","yoast_head_json":{"title":"D\u00fcnger Erkl\u00e4rungen - BeSer GmbH","description":"BeSer GmbH D\u00fcnger Erkl\u00e4rungen -","robots":{"index":"index","follow":"follow","max-snippet":"max-snippet:-1","max-image-preview":"max-image-preview:large","max-video-preview":"max-video-preview:-1"},"canonical":"https:\/\/beseronline.de\/home\/duenger-erklaerungen\/","og_locale":"de_DE","og_type":"article","og_title":"D\u00fcnger Erkl\u00e4rungen","og_description":"BeSer GmbH D\u00fcnger Erkl\u00e4rungen -","og_url":"https:\/\/beseronline.de\/home\/duenger-erklaerungen\/","og_site_name":"BeSer GmbH","article_modified_time":"2023-04-12T12:26:39+00:00","twitter_card":"summary_large_image","twitter_misc":{"Gesch\u00e4tzte Lesezeit":"5\u00a0Minuten"},"schema":{"@context":"https:\/\/schema.org","@graph":[{"@type":"WebPage","@id":"https:\/\/beseronline.de\/home\/duenger-erklaerungen\/","url":"https:\/\/beseronline.de\/home\/duenger-erklaerungen\/","name":"D\u00fcnger Erkl\u00e4rungen - BeSer GmbH","isPartOf":{"@id":"https:\/\/beseronline.de\/home\/#website"},"datePublished":"2020-04-01T13:55:43+00:00","dateModified":"2023-04-12T12:26:39+00:00","description":"BeSer GmbH D\u00fcnger Erkl\u00e4rungen -","breadcrumb":{"@id":"https:\/\/beseronline.de\/home\/duenger-erklaerungen\/#breadcrumb"},"inLanguage":"de","potentialAction":[{"@type":"ReadAction","target":["https:\/\/beseronline.de\/home\/duenger-erklaerungen\/"]}]},{"@type":"BreadcrumbList","@id":"https:\/\/beseronline.de\/home\/duenger-erklaerungen\/#breadcrumb","itemListElement":[{"@type":"ListItem","position":1,"name":"Startseite","item":"https:\/\/beseronline.de\/home\/"},{"@type":"ListItem","position":2,"name":"D\u00fcnger Erkl\u00e4rungen"}]},{"@type":"WebSite","@id":"https:\/\/beseronline.de\/home\/#website","url":"https:\/\/beseronline.de\/home\/","name":"BeSer GmbH","description":"Garten- und Landschaftsbau - D\u00fcngerverkauf - Holzhackschnitzel - Baumf\u00e4llung","publisher":{"@id":"https:\/\/beseronline.de\/home\/#organization"},"potentialAction":[{"@type":"SearchAction","target":{"@type":"EntryPoint","urlTemplate":"https:\/\/beseronline.de\/home\/?s={search_term_string}"},"query-input":"required name=search_term_string"}],"inLanguage":"de"},{"@type":"Organization","@id":"https:\/\/beseronline.de\/home\/#organization","name":"Beser GmbH","url":"https:\/\/beseronline.de\/home\/","logo":{"@type":"ImageObject","inLanguage":"de","@id":"https:\/\/beseronline.de\/home\/#\/schema\/logo\/image\/","url":"https:\/\/beseronline.de\/wp-content\/uploads\/2021\/08\/cropped-Logo-BeSer_ohne-Dach_zentral.png","contentUrl":"https:\/\/beseronline.de\/wp-content\/uploads\/2021\/08\/cropped-Logo-BeSer_ohne-Dach_zentral.png","width":512,"height":512,"caption":"Beser GmbH"},"image":{"@id":"https:\/\/beseronline.de\/home\/#\/schema\/logo\/image\/"}}]}},"_links":{"self":[{"href":"https:\/\/beseronline.de\/home\/wp-json\/wp\/v2\/pages\/413"}],"collection":[{"href":"https:\/\/beseronline.de\/home\/wp-json\/wp\/v2\/pages"}],"about":[{"href":"https:\/\/beseronline.de\/home\/wp-json\/wp\/v2\/types\/page"}],"author":[{"embeddable":true,"href":"https:\/\/beseronline.de\/home\/wp-json\/wp\/v2\/users\/2"}],"replies":[{"embeddable":true,"href":"https:\/\/beseronline.de\/home\/wp-json\/wp\/v2\/comments?post=413"}],"version-history":[{"count":25,"href":"https:\/\/beseronline.de\/home\/wp-json\/wp\/v2\/pages\/413\/revisions"}],"predecessor-version":[{"id":3008,"href":"https:\/\/beseronline.de\/home\/wp-json\/wp\/v2\/pages\/413\/revisions\/3008"}],"wp:attachment":[{"href":"https:\/\/beseronline.de\/home\/wp-json\/wp\/v2\/media?parent=413"}],"curies":[{"name":"wp","href":"https:\/\/api.w.org\/{rel}","templated":true}]}}